{"id":1506,"date":"2021-09-07T06:35:45","date_gmt":"2021-09-07T06:35:45","guid":{"rendered":"https:\/\/lago26.com\/?page_id=1506"},"modified":"2022-06-08T07:17:38","modified_gmt":"2022-06-08T07:17:38","slug":"datenschutz","status":"publish","type":"page","link":"https:\/\/lago26.com\/en\/datenschutz\/","title":{"rendered":"Privacy"},"content":{"rendered":"\t\t<div data-elementor-type=\"wp-page\" data-elementor-id=\"1506\" class=\"elementor elementor-1506\" data-elementor-post-type=\"page\">\n\t\t\t\t\t\t<section class=\"elementor-section elementor-top-section elementor-element elementor-element-11f26fc elementor-section-boxed elementor-section-height-default elementor-section-height-default\" data-id=\"11f26fc\" data-element_type=\"section\" data-e-type=\"section\" data-settings=\"{&quot;jet_parallax_layout_list&quot;:[{&quot;jet_parallax_layout_image&quot;:{&quot;url&quot;:&quot;&quot;,&quot;id&quot;:&quot;&quot;,&quot;size&quot;:&quot;&quot;},&quot;_id&quot;:&quot;5b9cbb3&quot;,&quot;jet_parallax_layout_image_tablet&quot;:{&quot;url&quot;:&quot;&quot;,&quot;id&quot;:&quot;&quot;,&quot;size&quot;:&quot;&quot;},&quot;jet_parallax_layout_image_mobile&quot;:{&quot;url&quot;:&quot;&quot;,&quot;id&quot;:&quot;&quot;,&quot;size&quot;:&quot;&quot;},&quot;jet_parallax_layout_speed&quot;:{&quot;unit&quot;:&quot;%&quot;,&quot;size&quot;:50,&quot;sizes&quot;:[]},&quot;jet_parallax_layout_type&quot;:&quot;scroll&quot;,&quot;jet_parallax_layout_direction&quot;:&quot;1&quot;,&quot;jet_parallax_layout_fx_direction&quot;:null,&quot;jet_parallax_layout_z_index&quot;:&quot;&quot;,&quot;jet_parallax_layout_bg_x&quot;:50,&quot;jet_parallax_layout_bg_x_tablet&quot;:&quot;&quot;,&quot;jet_parallax_layout_bg_x_mobile&quot;:&quot;&quot;,&quot;jet_parallax_layout_bg_y&quot;:50,&quot;jet_parallax_layout_bg_y_tablet&quot;:&quot;&quot;,&quot;jet_parallax_layout_bg_y_mobile&quot;:&quot;&quot;,&quot;jet_parallax_layout_bg_size&quot;:&quot;auto&quot;,&quot;jet_parallax_layout_bg_size_tablet&quot;:&quot;&quot;,&quot;jet_parallax_layout_bg_size_mobile&quot;:&quot;&quot;,&quot;jet_parallax_layout_animation_prop&quot;:&quot;transform&quot;,&quot;jet_parallax_layout_on&quot;:[&quot;desktop&quot;,&quot;tablet&quot;]}]}\">\n\t\t\t\t\t\t<div class=\"elementor-container elementor-column-gap-default\">\n\t\t\t\t\t<div class=\"elementor-column elementor-col-100 elementor-top-column elementor-element elementor-element-2659e9c\" data-id=\"2659e9c\" data-element_type=\"column\" data-e-type=\"column\">\n\t\t\t<div class=\"elementor-widget-wrap elementor-element-populated\">\n\t\t\t\t\t\t<div class=\"elementor-element elementor-element-78e5834 elementor-widget elementor-widget-heading\" data-id=\"78e5834\" data-element_type=\"widget\" data-e-type=\"widget\" data-widget_type=\"heading.default\">\n\t\t\t\t\t<h2 class=\"elementor-heading-title elementor-size-default\">Datenschutzerkl\u00e4hrung<\/h2>\t\t\t\t<\/div>\n\t\t\t\t<div class=\"elementor-element elementor-element-6741262 elementor-widget elementor-widget-text-editor\" data-id=\"6741262\" data-element_type=\"widget\" data-e-type=\"widget\" data-widget_type=\"text-editor.default\">\n\t\t\t\t\t\t\t\t\t<p>Wir nehmen den Schutz Ihrer personenbezogenen Daten sehr ernst. Wir m\u00f6chten, dass Sie wissen, wann wir welche Daten erheben und wie wir sie verwenden. Wir verarbeiten Ihre Daten ausschlie\u00dflich auf Grundlage der gesetzlichen Bestimmungen (DSGVO, Datenschutz-Anpassungsgesetz, TKG 2003). In dieser Datenschutzerkl\u00e4rung informieren wir Sie \u00fcber die wichtigsten Aspekte der Datenverarbeitung.<\/p><p>Im Zuge der Weiterentwicklung unserer Internet-Seiten und der Implementierung neuer Technologien k\u00f6nnte es auch zu \u00c4nderungen bei unserer Datenschutzerkl\u00e4rung kommen. Daher empfehlen wir Ihnen, sich diese Datenschutzerkl\u00e4rung ab und zu erneut durchzulesen.<\/p><p><b><br \/>Kontakt mit uns<br \/><\/b>Wenn Sie per Formular auf dieser Website, per eMail oder per Telefon Kontakt mit uns aufnehmen, werden Ihre angegebenen Daten zwecks Bearbeitung der Anfrage und f\u00fcr den Fall von Anschlussfragen f\u00fcr zwei Jahre von uns gespeichert. Diese Daten geben wir nicht ohne Ihre Einwilligung weiter.<\/p><p><b>Personenbezogene Daten erheben wir aus folgenden Gr\u00fcnden:<\/b><\/p><ul><li>Rechtsgrundlage Vertragserf\u00fcllung: Die von Ihnen bereit gestellten Daten sind zur Vertragserf\u00fcllung bzw. zur Durchf\u00fchrung vorvertraglicher Ma\u00dfnahmen erforderlich. Ohne diese Daten k\u00f6nnen wir den Vertrag mit Ihnen nicht abschlie\u00dfen. Beispiele f\u00fcr Gr\u00fcnde: Anfragen bearbeiten, Angebote &amp; Rechnungen erstellen<\/li><li>Rechtsgrundlage berechtigtes Interesse: Wir verarbeiten Daten \u00fcber Sie aufgrund unserer berechtigten Interessen (zB. CRM-System f\u00fcr effiziente und schnelle Bearbeitung der Nutzeranfragen, Google Analytics f\u00fcr Analyse, Optimierung und wirtschaftlichem Betrieb unseres Onlineangebotes).<\/li><li>Rechtsgrundlage Einwilligung: Sie haben uns Daten \u00fcber sich freiwillig zur Verf\u00fcgung gestellt und wir verarbeiten diese Daten auf Grundlage Ihrer Einwilligung. Beispiele f\u00fcr Gr\u00fcnde: Zustimmung zu Erhalt Newsletter oder Anmeldung zu einer Veranstaltung.\u00a0Sie k\u00f6nnen diese Einwilligung jederzeit widerrufen. Ein Widerruf hat zur Folge, dass wir Ihre Daten ab diesem Zeitpunkt zu oben genannten Zwecken nicht mehr verarbeiten. F\u00fcr einen Widerruf wenden Sie sich bitte an:\u00a0office@lago26.com\u00a0<\/li><\/ul><p><b>Speicherdauer\/L\u00f6schungsfrist<br \/><\/b>Die L\u00f6schung der gespeicherten personenbezogenen Daten erfolgt, wenn der Nutzer seine Zustimmung zur Speicherung widerruft oder wenn die Speicherung dieser Daten zur Erf\u00fcllung des gew\u00fcnschten Zwecks nicht mehr erforderlich ist.<\/p><p>Weiters ist die Dauer der Speicherung Ihrer Daten abh\u00e4ngig von gesetzlichen Bestimmungen und dem Anwendungsfall:<\/p><ul><li>Kontaktdaten aufgrund von Angebote und Rechnungen: 7 Jahre<\/li><li>Kontaktdaten aufgrund von Anfragen: 2 Jahre<\/li><li>Bewerbungen: 6 Monate<\/li><li>Google Analytics (bis zu 2 Jahre, abh\u00e4ngig von Art des Cookies (<a href=\"http:\/\/www.kthe.at\/de\/datenschutz\/#ganalytics\" target=\"_blank\" rel=\"noopener\">Details<\/a>)<\/li><li>Kontaktdaten aufgrund Newsletter und Einladungen zu Events: unlimitiert, da man sich jederzeit abmelden kann<\/li><\/ul><p><b>Auftragsverarbeiter<br \/><\/b>F\u00fcr unsere Datenverarbeitung ziehen wir Auftragsverarbeiter heran (zB. eMail- &amp; Webhoster, CRM-System, eMail-Newsletterversanddienst, Websitestatistiken, Steuerberater). Diese Auftragsverarbeiter sind zum strengen Schutz Ihrer personenbezogenen Daten verpflichtet und d\u00fcrfen Ihre personenbezogenen Daten zu keinem anderen Zweck als zur Bereitstellung unserer Dienste verarbeiten.<\/p><p><b>Sicherheitsma\u00dfnahmen<br \/><\/b>Wir treffen organisatorische, vertragliche und technische Sicherheitsma\u00dfnahmen entsprechend dem Stand der Technik, um sicherzustellen, dass die Vorschriften der Datenschutzgesetze eingehalten werden und um damit die durch uns verarbeiteten Daten gegen zuf\u00e4llige oder vors\u00e4tzliche Manipulationen, Verlust, Zerst\u00f6rung oder gegen den Zugriff unberechtigter Personen zu sch\u00fctzen.<\/p><p><b>Cookies<br \/><\/b>Cookies sind kleine Textdateien, die im Rahmen Ihres Besuchs unserer Internetseiten von unserem Webserver an Ihren Browser gesandt und von diesem auf Ihrem Ger\u00e4t gespeichert werden.<\/p><p><b>Folgende Cookies werden auf unserer Webseite gesetzt:<br \/><\/b>Google Analytics: Details siehe bitte weiter unten<\/p><p>ShareThis: protokolliert \u201eClick-Stream\u201c-Aktivit\u00e4ten, enth\u00e4lt nur dann personenbezogene Daten, wenn man ShareThis-Konto hat und aktiv angemeldet ist.<\/p><p>Falls Sie nicht m\u00f6chten, dass Cookies auf ihrem Rechner gespeichert werden, w\u00fcrden wir Sie bitten, die entsprechende Option in den Voreinstellungen Ihres Browsers zu deaktivieren. Gespeicherte Cookies k\u00f6nnen in den Einstellungen des Browsers gel\u00f6scht werden. Der Ausschluss von Cookies kann zu Funktionseinschr\u00e4nkungen dieses Onlineangebotes f\u00fchren.<\/p><p><b>Web-Analyse<br \/><\/b>Diese Website nutzt:<\/p><p><b>1. Website-Statistik<\/b><br \/>Wird von unserem Webhoster automatisch zur Verf\u00fcgung gestellt. Die Zugriffsstatistik enth\u00e4lt keine personenenbezogenen Daten, da die IP-Adressen der Websitebesucher anonymisiert werden.<\/p><p><b>2. Google Analytics<\/b><br \/>Wir setzen auf Grundlage unserer berechtigten Interessen (d.h. Interesse an der Analyse, Optimierung und wirtschaftlichem Betrieb unseres Onlineangebotes im Sinne des Art. 6 Abs. 1 lit. f. DSGVO) Google Analytics und Google Search Console, Webanalysedienste der Google LLC (\u201eGoogle\u201c) ein. Wir haben mit Google einen Vertrag zur Auftragsdatenverarbeitung abgeschlossen.<\/p><p>Google verwendet Cookies, die Informationen \u00fcber die Benutzung des Onlineangebotes durch die Nutzer erhebt und in der Regel an einen Server von Google in den USA \u00fcbertr\u00e4gt und dort speichert.<\/p><p>Die Cookies von Google haben folgende Speicherdauer: _utma 2 Jahre ab dem Aufruf, _utmb 30 Minuten ab dem Aufruf, _utmc bis Ende der Sitzung, _utmt 10 Minuten ab dem Aufruf, _utmz 12 Stunden ab dem Aufruf.<\/p><p>Mehr Informationen zum Umgang mit Nutzerdaten bei Google Analytics finden Sie in der Datenschutzerkl\u00e4rung von Google:\u00a0<a href=\"https:\/\/support.google.com\/analytics\/answer\/6004245?hl=de\" target=\"_blank\" rel=\"noopener\">support.google.com<\/a><\/p><p>Sie k\u00f6nnen die Erfassung der durch das Cookie erzeugten und auf Ihre Nutzung der Website bezogenen Daten an Google sowie die Verarbeitung dieser Daten durch Google verhindern, indem Sie folgendes Browser-Plugin herunterladen und installieren:\u00a0<a href=\"https:\/\/tools.google.com\/dlpage\/gaoptout?hl=de\" target=\"_blank\" rel=\"noopener\">tools.google.com<\/a><\/p><p>Alternativ k\u00f6nnen Sie die Erfassung Ihrer Daten durch Google Analytics verhindern, indem Sie auf folgenden Link klicken. Es wird ein Opt-Out-Cookie gesetzt, das die Erfassung Ihrer Daten bei zuk\u00fcnftigen Besuchen dieser Website verhindert: Google Analytics deaktivieren<\/p><p>Google ist unter dem Privacy-Shield-Abkommen zertifiziert und bietet hierdurch eine Garantie, das europ\u00e4ische Datenschutzrecht einzuhalten \u2013\u00a0<a href=\"https:\/\/www.privacyshield.gov\/participant?id=a2zt000000001L5AAI\" target=\"_blank\" rel=\"noopener\">www.privacyshield.gov<\/a><\/p><p><b>3. Webhoster IP-Adresse<\/b><br \/>Unser Webhoster verarbeitet zum Zweck der \u00dcberwachung der technischen Funktion und zur Erh\u00f6hung der Betriebssicherheit des Webservers auf Grundlage des \u00fcberwiegenden berechtigten Interesses des Verantwortlichen (technische Sicherheitsma\u00dfnahmen) folgende personenbezogene Daten in einem Server Log File:<\/p><p>Aufgerufene Webseite, Datum und Uhrzeit der Serveranfrage, Browsertyp \/ Browserversion, verwendetes Betriebssystem, \u00fcbertragene Datenmenge, Meldung \u00fcber erfolgreichen Abruf, Referrer URL, IP-Adresse, Hostname. Wir selbst haben keinen Zugriff auf die Logfiles.<\/p><p><b><br \/>Einbindung von Diensten und Inhalten Dritter<br \/><\/b>Wir setzen innerhalb unseres Onlineangebotes auf Grundlage unserer berechtigten Interessen (d.h. Interesse an der Analyse, Optimierung und wirtschaftlichem Betrieb unseres Onlineangebotes im Sinne des Art. 6 Abs. 1 lit. f. DSGVO) Inhalts- oder Serviceangebote von Drittanbietern ein, um deren Inhalte und Services, wie z.B. Videos oder Schriftarten einzubinden (nachfolgend einheitlich bezeichnet als \u201cInhalte\u201d). Dies setzt immer voraus, dass die Drittanbieter dieser Inhalte, die IP-Adresse der Nutzer wahrnehmen, da sie ohne die IP-Adresse die Inhalte nicht an deren Browser senden k\u00f6nnten. Die IP-Adresse ist damit f\u00fcr die Darstellung dieser Inhalte erforderlich. Wir bem\u00fchen uns nur solche Inhalte zu verwenden, deren jeweilige Anbieter die IP-Adresse lediglich zur Auslieferung der Inhalte verwenden.<\/p><p>Die nachfolgende Darstellung bietet eine \u00dcbersicht von Drittanbietern sowie ihrer Inhalte, nebst Links zu deren Datenschutzerkl\u00e4rungen, welche weitere Hinweise zur Verarbeitung von Daten und, z.T. bereits hier genannt, Widerspruchsm\u00f6glichkeiten (sog. Opt-Out) enthalten:<\/p><p><b><br \/>Webfonts<br \/><\/b>Diese Seite nutzt zur einheitlichen Darstellung von Schriftarten so genannte Web Fonts, die von der Monotype Imaging Inc., 600 Unicorn Park Drive, Woburn, MA 01801, USA bereitgestellt werden. Beim Aufruf einer Seite l\u00e4dt Ihr Browser die ben\u00f6tigten Web Fonts in ihren Browsercache, um Texte und Schriftarten korrekt anzuzeigen.<\/p><p>Zu diesem Zweck muss der von Ihnen verwendete Browser Verbindung zu den Servern von fonts.com aufnehmen. Hierdurch erlangt fonts.com Kenntnis dar\u00fcber, dass \u00fcber Ihre IP-Adresse unsere Website aufgerufen wurde. Die Nutzung von Fonts.com Web Fonts erfolgt im Interesse einer einheitlichen und ansprechenden Darstellung unserer Online-Angebote. Dies stellt ein berechtigtes Interesse im Sinne von Art. 6 Abs. 1 lit. f DSGVO dar.<\/p><p>Wenn Ihr Browser Web Fonts nicht unterst\u00fctzt, wird eine Standardschrift von Ihrem Computer genutzt.<\/p><p>Weitere Informationen zu diesen Web Fonts finden Sie unter\u00a0<a href=\"https:\/\/www.fonts.com\/info\/legal\" target=\"_blank\" rel=\"noopener\">https:\/\/www.fonts.com\/info\/legal<\/a>\u00a0und in der Datenschutzerkl\u00e4rung von Fonts.com:\u00a0<a href=\"https:\/\/www.fonts.com\/info\/legal\/privacy\/\" target=\"_blank\" rel=\"noopener\">https:\/\/www.fonts.com\/info\/legal\/privacy\/<\/a>\u00a0und in der Datenschutzerkl\u00e4rung von\u00a0<a href=\"https:\/\/www.monotype.com\/legal\/privacy-policy\/\" target=\"_blank\" rel=\"noopener\">https:\/\/www.monotype.com\/legal\/privacy-policy\/<\/a><\/p><p><b><br \/>Instagram<br \/><\/b>Innerhalb unseres Onlineangebotes sind Funktionen des Dienstes Instagram eingebunden. Diese Funktionen werden angeboten durch die Instagram Inc., 1601 Willow Road, Menlo Park, CA, 94025, USA integriert. Wenn Sie in Ihrem Instagram \u2013 Account eingeloggt sind k\u00f6nnen Sie durch Anklicken des Instagram \u2013 Buttons die Inhalte unserer Seiten mit Ihrem Instagram \u2013 Profil verlinken. Dadurch kann Instagram den Besuch unserer Seiten Ihrem Benutzerkonto zuordnen. Wir weisen darauf hin, dass wir als Anbieter der Seiten keine Kenntnis vom Inhalt der \u00fcbermittelten Daten sowie deren Nutzung durch Instagram erhalten.<br \/>Datenschutzerkl\u00e4rung:\u00a0<a href=\"http:\/\/instagram.com\/about\/legal\/privacy\/\" target=\"_blank\" rel=\"noopener\">http:\/\/instagram.com\/about\/legal\/privacy\/<\/a><\/p><p><span style=\"color: var( --e-global-color-9a85aa4 );\"><b>Sendinblue<br \/><\/b><\/span><span style=\"color: var( --e-global-color-9a85aa4 );\">Diese Website nutzt Sendinblue f\u00fcr den Versand von Newslettern. Anbieter ist die Sendinblue GmbH, K\u00f6penicker Stra\u00dfe 126, 10179 Berlin, Deutschland.\u00a0<\/span><span style=\"color: var( --e-global-color-9a85aa4 );\">Sendinblue ist ein Dienst, mit dem u.a. der Versand von Newslettern organisiert und analysiert werden kann. Die von Ihnen zum Zwecke des Newsletterbezugs eingegeben Daten werden auf den Servern von Sendinblue in Deutschland gespeichert.\u00a0<\/span><span style=\"color: var( --e-global-color-9a85aa4 );\">Wenn Sie keine Analyse durch Sendinblue wollen, m\u00fcssen Sie den Newsletter abbestellen. Hierf\u00fcr stellen wir in jeder Newsletternachricht einen entsprechenden Link zur Verf\u00fcgung. Des Weiteren k\u00f6nnen Sie den Newsletter auch direkt auf der Website abbestellen.<br \/><\/span><em>Datenanalyse durch Sendinblue<\/em><br \/>Mit Hilfe von Sendinblue ist es uns m\u00f6glich, unsere Newsletter-Kampagnen zu analysieren. So k\u00f6nnen wir z. B. sehen, ob eine Newsletter-Nachricht ge\u00f6ffnet und welche Links ggf. angeklickt wurden. Auf diese Weise k\u00f6nnen wir u.a. feststellen, welche Links besonders oft angeklickt wurden.<br \/>Au\u00dferdem k\u00f6nnen wir erkennen, ob nach dem \u00d6ffnen\/ Anklicken bestimmte vorher definierte Aktionen durchgef\u00fchrt wurden (Conversion-Rate). Wir k\u00f6nnen so z. B. erkennen, ob Sie nach dem Anklicken des Newsletters einen Kauf get\u00e4tigt haben.<br \/>Sendinblue erm\u00f6glicht es uns auch, die Newsletter-Empf\u00e4nger anhand verschiedener Kategorien zu unterteilen (\u201eclustern\u201c). Dabei lassen sich die Newsletterempf\u00e4nger z. B. nach Alter, Geschlecht oder Wohnort unterteilen. Auf diese Weise lassen sich die Newsletter besser an die jeweiligen Zielgruppen anpassen.<br \/>Ausf\u00fchrliche Informationen zum zu den Funktionen von Sendinblue entnehmen Sie folgendem Link: <a href=\"https:\/\/de.sendinblue.com\/newsletter-software\/.\" target=\"_blank\" rel=\"noopener\">https:\/\/de.sendinblue.com\/newsletter-software\/.<\/a><\/p><p><em>Rechtsgrundlage<\/em><br \/>Die Datenverarbeitung erfolgt auf Grundlage Ihrer Einwilligung (Art. 6 Abs. 1 lit. a DSGVO). Sie k\u00f6nnen diese Einwilligung jederzeit widerrufen. Die Rechtm\u00e4\u00dfigkeit der bereits erfolgten Datenverarbeitungsvorg\u00e4nge bleibt vom Widerruf unber\u00fchrt.<br \/><em>Speicherdauer<\/em><br \/>Die von Ihnen zum Zwecke des Newsletter-Bezugs bei uns hinterlegten Daten werden von uns bis zu Ihrer Austragung aus dem Newsletter bei uns bzw. dem Newsletterdiensteanbieter gespeichert und nach der Abbestellung des Newsletters aus der Newsletterverteilerliste gel\u00f6scht. Daten, die zu anderen Zwecken bei uns gespeichert wurden bleiben hiervon unber\u00fchrt.<br \/>Nach Ihrer Austragung aus der Newsletterverteilerliste wird Ihre E-Mail-Adresse bei uns bzw. dem Newsletterdiensteanbieter ggf. in einer Blacklist gespeichert, um k\u00fcnftige Mailings zu verhindern. Die Daten aus der Blacklist werden nur f\u00fcr diesen Zweck verwendet und nicht mit anderen Daten zusammengef\u00fchrt. Dies dient sowohl Ihrem Interesse als auch unserem Interesse an der Einhaltung der gesetzlichen Vorgaben beim Versand von Newslettern (berechtigtes Interesse im Sinne des Art. 6 Abs. 1 lit. f DSGVO). Die Speicherung in der Blacklist ist zeitlich nicht befristet. Sie k\u00f6nnen der Speicherung widersprechen, sofern Ihre Interessen unser berechtigtes Interesse \u00fcberwiegen.<br \/>N\u00e4heres entnehmen Sie den Datenschutzbestimmungen von Sendinblue unter: <a href=\"https:\/\/de.sendinblue.com\/datenschutz-uebersicht\/.\" target=\"_blank\" rel=\"noopener\">https:\/\/de.sendinblue.com\/datenschutz-uebersicht\/.<\/a><br \/>Abschluss eines Vertrags \u00fcber Auftragsverarbeitung<br \/>Wir haben mit Sendinblue einen Vertrag abgeschlossen, in dem wir Sendinblue verpflichten, die Daten unserer Kunden zu sch\u00fctzen und sie nicht an Dritte weiterzugeben.<\/p><p><b><br \/>Onlinepr\u00e4senzen in sozialen Medien<br \/><\/b>Wir unterhalten Onlinepr\u00e4senzen innerhalb sozialer Netzwerke und Plattformen, um mit den dort aktiven Kunden, Interessenten und Nutzern kommunizieren und sie dort \u00fcber unsere Leistungen informieren zu k\u00f6nnen. Beim Aufruf der jeweiligen Netzwerke und Plattformen gelten die Gesch\u00e4ftsbedingungen und die Datenverarbeitungsrichtlinien deren jeweiligen Betreiber.<\/p><p>Soweit nicht anders im Rahmen unserer Datenschutzerkl\u00e4rung angegeben, verarbeiten wir die Daten der Nutzer sofern diese mit uns innerhalb der sozialen Netzwerke und Plattformen kommunizieren, z.B. Beitr\u00e4ge auf unseren Onlinepr\u00e4senzen verfassen oder uns Nachrichten zusenden.<\/p><p>Datenschutzbestimmungen der Plattformen:<br \/>Facebook:\u00a0<a href=\"https:\/\/www.facebook.com\/business\/gdpr\" target=\"_blank\" rel=\"noopener\">https:\/\/www.facebook.com\/business\/gdpr<\/a><br \/>Twitter:\u00a0<a href=\"https:\/\/gdpr.twitter.com\/en\/faq.html\" target=\"_blank\" rel=\"noopener\">https:\/\/gdpr.twitter.com\/en\/faq.html<\/a><br \/>Google+:\u00a0<a href=\"https:\/\/policies.google.com\/privacy?hl=de\" target=\"_blank\" rel=\"noopener\">https:\/\/policies.google.com\/privacy?hl=de<\/a><br \/>LinkedIn:\u00a0<a href=\"https:\/\/www.linkedin.com\/help\/linkedin\/answer\/87080\" target=\"_blank\" rel=\"noopener\">https:\/\/www.linkedin.com\/help\/linkedin\/answer\/87080<\/a><br \/>Instagram:\u00a0<a href=\"https:\/\/help.instagram.com\/519522125107875?helpref=page_content\" target=\"_blank\" rel=\"noopener\">https:\/\/help.instagram.com\/519522125107875?helpref=page_content<\/a><br \/>YouTube:\u00a0<a href=\"https:\/\/policies.google.com\/privacy?hl=de&amp;gl=de\" target=\"_blank\" rel=\"noopener\">https:\/\/policies.google.com\/privacy?hl=de&amp;gl=de<\/a><\/p><p><b><br \/>Ihre Rechte<br \/><\/b>Ihnen stehen grunds\u00e4tzlich die Rechte auf Auskunft, Berichtigung, L\u00f6schung, Einschr\u00e4nkung, Daten\u00fcbertragbarkeit, Widerruf und Widerspruch zu. Wenn Sie glauben, dass die Verarbeitung Ihrer Daten gegen das Datenschutzrecht verst\u00f6\u00dft oder Ihre datenschutzrechtlichen Anspr\u00fcche sonst in einer Weise verletzt worden sind, k\u00f6nnen Sie sich bei der Aufsichtsbeh\u00f6rde beschweren. In \u00d6sterreich ist dies die Datenschutzbeh\u00f6rde:<\/p><p><b><br \/>\u00d6sterreichische Datenschutzbeh\u00f6rde<br \/><\/b>Wickenburggasse 8-10<br \/>1080 Wien<br \/>Telefon: +43 1 531 15-202525<br \/>eMail:\u00a0<a href=\"mailto:dsb@dsb.gv.at\">dsb@dsb.gv.at<\/a><br \/>Homepage:\u00a0<a href=\"https:\/\/www.dsb.gv.at\/\" target=\"_blank\" rel=\"noopener\">https:\/\/www.dsb.gv.at\/<\/a><\/p><p><b>Sie erreichen uns unter folgenden Kontaktdaten:<\/b><\/p><p>CHAMPIONSHIPS YACHTING GMBH<\/p><p>W\u00e4hringer Strasse 3\/10<\/p><p>1090 Wien<\/p><p>+43 (0)664 \/ 546 87 69<\/p><p>office@championships.at<\/p><p><b>Unseren DatenschutzkoordinatorIN erreichen Sie unter<\/b><br \/>Hans Spitzauer<\/p><p>+43 (0)664 \/ 546 87 69<\/p><p>eMail:\u00a0<a href=\"mailto:office@neverbeenbefore.com\">office@office@championships.at<\/a><\/p>\t\t\t\t\t\t\t\t<\/div>\n\t\t\t\t\t<\/div>\n\t\t<\/div>\n\t\t\t\t\t<\/div>\n\t\t<\/section>\n\t\t\t\t<\/div>\n\t\t","protected":false},"excerpt":{"rendered":"<p>Datenschutzerkl\u00e4hrung Wir nehmen den Schutz Ihrer personenbezogenen Daten sehr ernst. Wir m\u00f6chten, dass Sie wissen, wann wir welche Daten erheben und wie wir sie verwenden. Wir verarbeiten Ihre Daten ausschlie\u00dflich auf Grundlage der gesetzlichen Bestimmungen (DSGVO, Datenschutz-Anpassungsgesetz, TKG 2003). In dieser Datenschutzerkl\u00e4rung informieren wir Sie \u00fcber die wichtigsten Aspekte der Datenverarbeitung. Im Zuge der Weiterentwicklung [&hellip;]<\/p>\n","protected":false},"author":1,"featured_media":0,"parent":0,"menu_order":0,"comment_status":"closed","ping_status":"closed","template":"elementor_header_footer","meta":{"footnotes":""},"class_list":["post-1506","page","type-page","status-publish","hentry"],"_links":{"self":[{"href":"https:\/\/lago26.com\/en\/wp-json\/wp\/v2\/pages\/1506","targetHints":{"allow":["GET"]}}],"collection":[{"href":"https:\/\/lago26.com\/en\/wp-json\/wp\/v2\/pages"}],"about":[{"href":"https:\/\/lago26.com\/en\/wp-json\/wp\/v2\/types\/page"}],"author":[{"embeddable":true,"href":"https:\/\/lago26.com\/en\/wp-json\/wp\/v2\/users\/1"}],"replies":[{"embeddable":true,"href":"https:\/\/lago26.com\/en\/wp-json\/wp\/v2\/comments?post=1506"}],"version-history":[{"count":15,"href":"https:\/\/lago26.com\/en\/wp-json\/wp\/v2\/pages\/1506\/revisions"}],"predecessor-version":[{"id":1700,"href":"https:\/\/lago26.com\/en\/wp-json\/wp\/v2\/pages\/1506\/revisions\/1700"}],"wp:attachment":[{"href":"https:\/\/lago26.com\/en\/wp-json\/wp\/v2\/media?parent=1506"}],"curies":[{"name":"wp","href":"https:\/\/api.w.org\/{rel}","templated":true}]}}