{"id":1510,"date":"2021-09-07T06:40:22","date_gmt":"2021-09-07T06:40:22","guid":{"rendered":"https:\/\/lago26.com\/?page_id=1510"},"modified":"2021-09-07T19:56:27","modified_gmt":"2021-09-07T19:56:27","slug":"agbs","status":"publish","type":"page","link":"https:\/\/lago26.com\/en\/agbs\/","title":{"rendered":"GTCs"},"content":{"rendered":"\t\t<div data-elementor-type=\"wp-page\" data-elementor-id=\"1510\" class=\"elementor elementor-1510\" data-elementor-post-type=\"page\">\n\t\t\t\t\t\t<section class=\"elementor-section elementor-top-section elementor-element elementor-element-14c1ed7 elementor-section-boxed elementor-section-height-default elementor-section-height-default\" data-id=\"14c1ed7\" data-element_type=\"section\" data-e-type=\"section\" data-settings=\"{&quot;jet_parallax_layout_list&quot;:[{&quot;jet_parallax_layout_image&quot;:{&quot;url&quot;:&quot;&quot;,&quot;id&quot;:&quot;&quot;,&quot;size&quot;:&quot;&quot;},&quot;_id&quot;:&quot;0fc3835&quot;,&quot;jet_parallax_layout_image_tablet&quot;:{&quot;url&quot;:&quot;&quot;,&quot;id&quot;:&quot;&quot;,&quot;size&quot;:&quot;&quot;},&quot;jet_parallax_layout_image_mobile&quot;:{&quot;url&quot;:&quot;&quot;,&quot;id&quot;:&quot;&quot;,&quot;size&quot;:&quot;&quot;},&quot;jet_parallax_layout_speed&quot;:{&quot;unit&quot;:&quot;%&quot;,&quot;size&quot;:50,&quot;sizes&quot;:[]},&quot;jet_parallax_layout_type&quot;:&quot;scroll&quot;,&quot;jet_parallax_layout_direction&quot;:&quot;1&quot;,&quot;jet_parallax_layout_fx_direction&quot;:null,&quot;jet_parallax_layout_z_index&quot;:&quot;&quot;,&quot;jet_parallax_layout_bg_x&quot;:50,&quot;jet_parallax_layout_bg_x_tablet&quot;:&quot;&quot;,&quot;jet_parallax_layout_bg_x_mobile&quot;:&quot;&quot;,&quot;jet_parallax_layout_bg_y&quot;:50,&quot;jet_parallax_layout_bg_y_tablet&quot;:&quot;&quot;,&quot;jet_parallax_layout_bg_y_mobile&quot;:&quot;&quot;,&quot;jet_parallax_layout_bg_size&quot;:&quot;auto&quot;,&quot;jet_parallax_layout_bg_size_tablet&quot;:&quot;&quot;,&quot;jet_parallax_layout_bg_size_mobile&quot;:&quot;&quot;,&quot;jet_parallax_layout_animation_prop&quot;:&quot;transform&quot;,&quot;jet_parallax_layout_on&quot;:[&quot;desktop&quot;,&quot;tablet&quot;]}]}\">\n\t\t\t\t\t\t<div class=\"elementor-container elementor-column-gap-default\">\n\t\t\t\t\t<div class=\"elementor-column elementor-col-100 elementor-top-column elementor-element elementor-element-250f6fe\" data-id=\"250f6fe\" data-element_type=\"column\" data-e-type=\"column\">\n\t\t\t<div class=\"elementor-widget-wrap elementor-element-populated\">\n\t\t\t\t\t\t<div class=\"elementor-element elementor-element-ba66e00 elementor-widget elementor-widget-heading\" data-id=\"ba66e00\" data-element_type=\"widget\" data-e-type=\"widget\" data-widget_type=\"heading.default\">\n\t\t\t\t\t<h2 class=\"elementor-heading-title elementor-size-default\">AGBs<\/h2>\t\t\t\t<\/div>\n\t\t\t\t<div class=\"elementor-element elementor-element-7e4ae05 elementor-widget elementor-widget-text-editor\" data-id=\"7e4ae05\" data-element_type=\"widget\" data-e-type=\"widget\" data-widget_type=\"text-editor.default\">\n\t\t\t\t\t\t\t\t\t<p><b>der CHAMPIONSHIPS Yachting GmbH<\/b><\/p><p>Fassung vom 1.03.2020<br \/><br \/><\/p><ol><li><b><\/b><b>Geltungsbereich<\/b><\/li><\/ol><p><br \/><b><\/b><\/p><ol><li style=\"list-style-type: none;\"><ol><li>Diese Allgemeinen Gesch\u00e4ftsbedingungen (in Folge noch kurz \u201eAGB\u201c genannt) gelten f\u00fcr alle Vertr\u00e4ge, die die CHAMPIONSHIPS Yachting GmbH, FN\u00a0342752y, 1090 Wien, W\u00e4hringerstrasse 3\/10<span class=\"Apple-converted-space\">\u00a0 <\/span>(in der Folge auch kurz \u201eChampionships\u201c genannt), mit ihren Kunden abschlie\u00dft.<\/li><li>Diese AGB gelten unabh\u00e4ngig von der Art des Vertragsabschlusses und daher auch bei einem Vertragsabschluss unter ausschlie\u00dflicher Verwendung von Fernkommunikationsmitteln. Die AGB gelten f\u00fcr die gesamte Gesch\u00e4ftsbeziehung zwischen der Championships und dem Kunden, selbst wenn diese im Einzelfall nicht ausdr\u00fccklich vereinbart worden sind. Ma\u00dfgeblich ist die im Zeitpunkt des Vertragsabschlusses jeweils g\u00fcltige Fassung der AGB. Abweichende oder erg\u00e4nzende Vereinbarungen, die von beiden Parteien im Einzelnen ausgehandelt werden, gelten vorrangig vor den Bestimmungen dieser AGB, sofern diese abweichenden oder erg\u00e4nzenden Vereinbarungen von der Championships schriftlich best\u00e4tigt worden sind.<\/li><li>Unter Kunden der Championships sind sowohl Verbraucher als auch Unternehmen im Sinne des Konsumentenschutzgesetzes zu verstehen.<\/li><li>Die Geltung Allgemeiner Gesch\u00e4ftsbedingungen des Kunden, insbesondere seiner Einkaufsbedingungen, wird ausdr\u00fccklich ausgeschlossen.<span class=\"Apple-converted-space\">\u00a0<\/span><\/li><li>Die Championships ist berechtigt, diese AGB jederzeit zu \u00e4ndern. Die ge\u00e4nderte Fassung gilt ab ihrer Ver\u00f6ffentlichung auf der Website der Championships f\u00fcr alle danach abgeschlossenen Vertr\u00e4ge.<\/li><\/ol><\/li><li><b>Angebot \u2013 Vertragsabschluss<\/b><ol><li>Alle Angebote der Championships sind freibleibend und unverbindlich. Sie k\u00f6nnen von der Championships vor Vertragsabschluss jederzeit nachtr\u00e4glich ge\u00e4ndert, erg\u00e4nzt oder widerrufen werden.<span class=\"Apple-converted-space\">\u00a0<\/span><\/li><li>Die Bestellung des Kunden gilt als bindendes Angebot auf Abschluss eines Kaufvertrages \u00fcber die bestellte Ware. Der Kaufvertrag zwischen Championships und dem Kunden kommt dadurch zustande, dass die Championships die Bestellung des Kunden entweder ausdr\u00fccklich annimmt oder ihr durch Lieferung der bestellten Ware tats\u00e4chlich entspricht, sofern diese Lieferung binnen 30\u00a0Tagen ab der einlangenden Bestellung des Kunden bei Championships erfolgt. Nach Ablauf dieser 30-t\u00e4gigen Frist ist der Kunde an sein Angebot nicht mehr gebunden und der Kaufvertrag gilt als nicht zustande gekommen.<span class=\"Apple-converted-space\">\u00a0<\/span><\/li><li>Der Vertragsabschluss mit Unternehmen erfolgt unter dem Vorbehalt, dass Championships f\u00fcr den Fall nicht richtiger oder nicht ordnungsgem\u00e4\u00dfer Drittlieferung berechtigt ist, nicht oder nur teilweise zu leisten. Im Falle der Nichtverf\u00fcgbarkeit oder der nur teilweisen Verf\u00fcgbarkeit der bestellten Waren wird der Unternehmer von der Championships unverz\u00fcglich informiert.<span class=\"Apple-converted-space\">\u00a0<\/span><\/li><li>F\u00fcr die Championships sind ausschlie\u00dflich Erkl\u00e4rungen ihrer Gesch\u00e4ftsf\u00fchrer oder von Mitarbeitern, die \u00fcber eine entsprechende schriftliche Vollmacht verf\u00fcgen, verbindlich. Erkl\u00e4rungen von anderen Mitarbeitern der Championships sind f\u00fcr diese nicht verbindlich.<\/li><li>Eine Abweichung von der bestellten Ausf\u00fchrung der Ware ist zul\u00e4ssig, wenn es sich um eine dem Kunden zumutbare geringf\u00fcgige \u00c4nderung handelt; insbesondere bei serienm\u00e4\u00dfigen Abweichungen.<\/li><\/ol><\/li><li><b><\/b><b>Eigentumsvorbehalt<\/b><ol><li>Alle von der Championships an den Kunden gelieferten Waren bleiben bis zur vollst\u00e4ndigen Bezahlung im Eigentum der Championships.<\/li><li>Der Kunde ist verpflichtet, die Ware w\u00e4hrend des Bestehens des Eigentumsvorbehalts pfleglich zu behandeln. Sofern Wartungs- und\/oder Inspektionsarbeiten erforderlich sind, hat der Kunde diese auf eigene Kosten durchzuf\u00fchren.<\/li><li>Vor dem Eigentumserwerb ist der Kunde zur Weiterver\u00e4u\u00dferung, Verpf\u00e4ndung oder sonstigen Weitergabe von Waren, an denen ein Eigentumsvorbehalt der Championships besteht, an Dritte nur mit voriger schriftlicher Zustimmung der Championships berechtigt. Macht ein Dritter im Rahmen eines Exekutions- oder eines Insolvenzverfahrens Rechte an der unter Eigentumsvorbehalt stehenden Ware geltend, hat der Kunde die Championships davon unverz\u00fcglich schriftlich zu benachrichtigen und den Dritten auf das Eigentum der Championships hinzuweisen.<\/li><li>Die Championships ist berechtigt, bei vertragswidrigem Verhalten des Kunden, insbesondere bei Zahlungsverzug, vom Vertrag zur\u00fcckzutreten und die Ware heraus zu verlangen.<\/li><li>Bei einer Weiterver\u00e4u\u00dferung der Ware durch einen Kunden, der Unternehmer ist, tritt dieser der Championships bereits jetzt alle Forderungen in der H\u00f6he des Rechnungsbetrages ab, die ihm durch die Weiterver\u00e4u\u00dferung gegen einen Dritten erwachsen und verpflichtet sich, einen entsprechenden Vermerk in seinen B\u00fcchern oder auf seinen Rechnungen anzubringen. Die Championships nimmt diese Abtretung ausdr\u00fccklich an.<\/li><\/ol><\/li><li><b><\/b><b>R\u00fccktrittsrechte des Verbrauchers<\/b><ol><li>Ist der Kunde Verbraucher im Sinne des KSchG, steht ihm, wenn der Vertrag unter ausschlie\u00dflicher Verwendung von Fernkommunikationsmitteln oder au\u00dferhalb der Gesch\u00e4ftsr\u00e4umlichkeiten der Championships (zu den Gesch\u00e4ftsr\u00e4umlichkeiten z\u00e4hlen auch Messest\u00e4nde der Championships) abgeschlossen worden ist, gem\u00e4\u00df \u00a7\u00a011\u00a0FAGG das Recht zu, vom Vertrag binnen 14\u00a0Tagen ohne Angabe von Gr\u00fcnden zur\u00fcckzutreten.<span class=\"Apple-converted-space\">\u00a0<\/span><\/li><li>Ein R\u00fccktrittsrecht besteht nicht, wenn die Ware nach Kundenspezifikationen angefertigt werden soll oder eindeutig auf die pers\u00f6nlichen Bed\u00fcrfnisse zugeschnitten ist.<\/li><li>Die Frist zum R\u00fccktritt beginnt bei Dienstleistungsvertr\u00e4gen mit dem Tag des Vertragsabschlusses, bei Kaufvertr\u00e4gen und sonstigen auf den entgeltlichen Erwerb einer Ware gerichteten Vertr\u00e4gen<\/li><\/ol><\/li><\/ol><p>a) mit dem Tag, an dem der Kunde oder ein vom Kunde benannter, nicht als Bef\u00f6rderer t\u00e4tiger Dritter den Besitz an der Ware erlangt,<\/p><p>b) wenn der Kunde mehrere Waren im Rahmen einer einheitlichen Bestellung bestellt hat, die getrennt geliefert werden, mit dem Tag, an dem der Kunde oder ein vom Kunde benannter, nicht als Bef\u00f6rderer t\u00e4tiger Dritter den Besitz an der zuletzt gelieferten Ware erlangt,<\/p><p>c) bei Lieferung einer Ware in mehreren Teilsendungen mit dem Tag, an dem der Kunde oder ein vom Kunde benannter, nicht als Bef\u00f6rderer t\u00e4tiger Dritter den Besitz an der letzten Teilsendung erlangt, und<\/p><p>d) bei Vertr\u00e4gen \u00fcber die regelm\u00e4\u00dfige Lieferung von Waren \u00fcber einen festgelegten Zeitraum hinweg mit dem Tag, an dem der Kunde oder ein vom Kunde benannter, nicht als Bef\u00f6rderer t\u00e4tiger Dritter den Besitz an der zuerst gelieferten Ware erlangt.<\/p><ol start=\"4\"><li style=\"list-style-type: none;\"><ol start=\"4\"><li>Sollten die Championships ihren Informationspflichten \u00fcber das R\u00fccktrittsrecht nicht nachgekommen sein, so verl\u00e4ngert sich die R\u00fccktrittsfrist um zw\u00f6lf Monate. Sofern die Championships ihre Informationspflichten \u00fcber das R\u00fccktrittsrecht innerhalb von zw\u00f6lf Monaten nachholt, endet die Frist binnen 14 Tagen ab Erhalt dieser Information.<\/li><li>Um das R\u00fccktrittsrecht gem\u00e4\u00df \u00a7\u00a011\u00a0FAGG auszu\u00fcben, hat der Kunde die Championships mittels einer eindeutigen Erkl\u00e4rung \u00fcber seinen Entschluss von diesem Vertrag zur\u00fcckzutreten, zu informieren. Diese Erkl\u00e4rung hat entweder per Brief an Championships Yachting GmbH, W\u00e4hringerstrasse 3\/10, 1090 Wien, e-mail: hans@championships.at, zu erfolgen. Das kommentarlose zur\u00fccksenden der Ware ist nicht ausreichend. Um das R\u00fccktrittsrecht auszu\u00fcben, kann der Kunde das auf der Website www.championships.at abrufbare Muster-Widerrufsformular verwenden. Dessen Verwendung ist jedoch nicht vorgeschrieben. Zur Wahrung der R\u00fccktrittsfrist reicht es aus, dass der Kunde die Mitteilung \u00fcber die Aus\u00fcbung des R\u00fccktrittsrechtes vor Ablauf der R\u00fccktrittsfrist absendet.<\/li><li>Wenn der Kunde von einem Vertrag gem\u00e4\u00df \u00a7\u00a011\u00a0FAGG zur\u00fccktritt, hat Championships ihm s\u00e4mtliche Zahlungen unverz\u00fcglich und sp\u00e4testens binnen 14\u00a0Tagen ab dem Tag zur\u00fcck zu zahlen, an dem die Mitteilung \u00fcber den R\u00fccktritt des Kunden von einem Vertrag bei der Championships eingegangen ist. F\u00fcr diese R\u00fcckzahlung verwendet Championships dasselbe Zahlungsmittel, das der Kunde bei der urspr\u00fcnglichen Transaktion eingesetzt hat, es sei denn, mit dem Kunden wurde ausdr\u00fccklich etwas anderes vereinbart. F\u00fcr die R\u00fcckzahlung wird kein Entgelt berechnet. Die Championships kann die R\u00fcckzahlung verweigern, bis sie die Ware wieder zur\u00fcck erhalten hat oder bis der Kunde den Nachweis erbracht hat, dass der Kunde die Ware an die Championships zur\u00fcckgesandt hat. Bei einem R\u00fccktritt vom Vertrag hat der Kunde die kosten der R\u00fccksendung der Ware zu \u00fcbernehmen.<\/li><li>F\u00fcr den Einsatz der f\u00fcr den Vertragsabschluss genutzten Fernkommunikationsmittel fallen seitens der Championships keine Kosten an. Der Kunde wird jedoch darauf hingewiesen, dass ihm Kosten aus seinen Vertr\u00e4gen mit Anbietern von Fernkommunikationsmitteln entstehen k\u00f6nnen.<\/li><\/ol><\/li><li><b><\/b><b>Preise<\/b><br \/><ol start=\"4\"><li>Soweit nichts anderes schriftlich vereinbart ist, gelten die Preise in den Prospekten und Preislisten der Championships. Ma\u00dfgeblich ist jeweils die zum Zeitpunkt des Vertragsabschlusses g\u00fcltige Fassung. Diese Preise gelten bis auf Widerruf. S\u00e4mtliche Preisangaben sind freibleibend, soweit nichts anderes, insbesondere in Angeboten, enthalten oder sonst schriftlich vereinbart ist.<\/li><li>Allf\u00e4llige mit einem Import oder einem Export verbundenen Abgaben wie z.\u00a0B. Z\u00f6lle, Spesen und Kosten sind vom Kunden zu tragen. Bei einer Lieferung der Ware an eine vom Kunden gew\u00fcnschte Lieferadresse sind die Kosten hief\u00fcr vom Kunden zus\u00e4tzlich zu tragen und nicht in den angegebenen Preisen enthalten.<\/li><\/ol><\/li><li><b><\/b><b>F\u00e4lligkeit des Kaufpreises und Verzug<\/b><br \/><ol start=\"4\"><li>Soweit im Einzelfall keine andere Zahlungsfrist ausdr\u00fccklich schriftlich vereinbart wird, hat der Kunde beim Kauf von Booten den Kaufpreis an die Championships wie folgt zu bezahlen:<\/li><\/ol><\/li><\/ol><ul><li>ein Drittel des Kaufpreises binnen zwei Wochen nach Vertragsabschluss,<\/li><li>ein weiteres Drittel des Kaufpreises binnen 14\u00a0Tage vor dem Beginn der Produktion, und<\/li><li>das verbleibende Drittel des Kaufpreises nach Bekanntgabe der Fertigstellung des Kaufgegenstandes und vor Abholung oder Lieferung.<\/li><\/ul><ol start=\"6\"><li style=\"list-style-type: none;\"><ol start=\"2\"><li>Das Boot wird erst nach vollst\u00e4ndiger Bezahlung des gesamten Kaufpreises geliefert bzw. kann dieses erst dann vom Kunden abgeholt werden.<\/li><li>Beim Kauf sonstiger Waren oder Bezug sonstiger Leistungen der Championships hat der Kunde den Rechnungsbetrag ohne jeden Abzug und spesenfrei binnen zwei Wochen nach Erhalt der Rechnung auf das auf der Rechnung angegebene Konto der Championships zu bezahlen. Die Championships ist berechtigt, jede einzelne Teillieferung gesondert in Rechnung zu stellen.<\/li><li>Im Falle des Zahlungsverzugs ist die Championships berechtigt, Verzugszinsen in der H\u00f6he von 10% geltend zu machen. Der Anspruch auf Ersatz eines \u00fcber die Verzugszinsen hinausgehenden Schadens bleibt unber\u00fchrt. Der Kunde hat s\u00e4mtliche mit der Eintreibung der Forderung verbundenen Aufwendungen (etwa Mahnspesen sowie die Kosten einer au\u00dfergerichtlichen und\/oder gerichtlichen rechtsfreundlichen Vertretung) zu bezahlen bzw. zu ersetzen.<\/li><li>Der Kunde ist \u2013 soweit gesetzlich zul\u00e4ssig \u2013 nicht berechtigt, mit eigenen Forderungen gegen Forderungen der Championships aufzurechnen oder f\u00e4llige Zahlungen zur\u00fcckzubehalten.<\/li><\/ol><\/li><\/ol><ol start=\"7\"><li><b><\/b><b>Abholung, Lieferung, Gefahren\u00fcbergang<\/b><ol><li>Soweit im Einzelfall nicht ausdr\u00fccklich eine Lieferung schriftlich an eine andere Adresse vereinbart wird, hat der Kunde die Waren an der aktuellen Lagerstelle der Championships, derzeit 2700 Wr. Neustadt, Molkereistrasse 4 auf eigene Kosten und eigenes Risiko abzuholen<\/li><li>F\u00fcr den Fall, dass eine Lieferung ausdr\u00fccklich schriftlich vereinbart werden sollte, erfolgt diese unter Inanspruchnahme verkehrs\u00fcblicher Versendungsarten nach Wahl der Championships an die vom Kunden bekannt gegebene Lieferadresse.<\/li><li>Die Championships ist zu Teillieferungen berechtigt. Bei Selbstabholung der Ware durch den Kunden gehen Gefahr und Zufall mit der \u00dcbergabe der Ware an der Gesch\u00e4ftsadresse der Championships auf den Kunden \u00fcber. Im Falle einer Lieferung der Ware gehen Gefahr und Zufall im Zeitpunkt der \u00dcbergabe der Ware an die zur Ausf\u00fchrung der Sendung bestimmte Person \u00fcber. Ger\u00e4t der Kunde in Annahmeverzug, gehen Gefahr und Zufall mit Beginn des Annahmeverzuges auf diesen \u00fcber.<\/li><\/ol><\/li><li><b><\/b><b>Gew\u00e4hrleistung<\/b><ol><li>Bei allf\u00e4lligen Gew\u00e4hrleistungsanspr\u00fcchen des Kunden ist die Championships berechtigt, die Verbesserung oder den Austausch der Ware zu verweigern, wenn dies unm\u00f6glich ist oder f\u00fcr die Championships verglichen mit einer Kaufpreisminderung oder Wandlung mit einem unverh\u00e4ltnism\u00e4\u00dfig hohen Aufwand verbunden w\u00e4re.<span class=\"Apple-converted-space\">\u00a0<\/span><\/li><li>Kunden, die Unternehmer sind, haben die gelieferte Ware unverz\u00fcglich auf M\u00e4ngel zu untersuchen und der Championships l\u00e4ngstens binnen einer Woche ab \u00dcbernahme\/Empfang der Ware allf\u00e4llige M\u00e4ngel schriftlich anzuzeigen. Verletzt der Kunde diese M\u00e4ngelr\u00fcgeobliegenheit, ist die Geltendmachung von Gew\u00e4hrleistungsanspr\u00fcchen, Schadenersatzanspr\u00fcchen sowie Irrtumsanfechtung etc. ausgeschlossen. Kunden, die Unternehmer sind, trifft die Beweislast f\u00fcr s\u00e4mtliche Anspruchsvoraussetzungen, insbesondere f\u00fcr den Mangel selbst, f\u00fcr den Zeitpunkt der Feststellung des Mangels und f\u00fcr die Rechtzeitigkeit der M\u00e4ngelr\u00fcge.<\/li><li>Die Gew\u00e4hrleistungsfrist f\u00fcr Kunden, die Verbraucher sind, betr\u00e4gt zwei Jahre ab \u00dcbernahme der Ware, bei gebrauchten Waren ein Jahr ab \u00dcbernahme der Ware. Die Gew\u00e4hrleistungsfrist f\u00fcr Kunden, die Unternehmer sind, betr\u00e4gt sechs Monate ab \u00dcbernahme der Ware.<\/li><li>Allf\u00e4llige Gew\u00e4hrleistungsanspr\u00fcche des Kunden sind innerhalb der Gew\u00e4hrleistungsfrist gerichtlich geltend zu machen, soweit sie von der Championships nicht ausdr\u00fccklich schriftlich anerkannt werden.<\/li><li>Ist der Kunde Unternehmer, ist die Geltendmachung von Gew\u00e4hrleistungsanspr\u00fcchen im Zusammenhang mit den in den Booten eingebauten Batterien ausgeschlossen.<\/li><\/ol><\/li><li><b><\/b><b>Schadenersatz<\/b><ol><li>Au\u00dferhalb des Anwendungsbereichs des Produkthaftungsgesetzes haftet die Championships nur f\u00fcr grob fahrl\u00e4ssig oder vors\u00e4tzlich verursachte Sch\u00e4den. Die Haftung f\u00fcr leichte Fahrl\u00e4ssigkeit, der Ersatz von Folgesch\u00e4den und Verm\u00f6genssch\u00e4den, nicht erzielten Ersparnissen, Zinsverlusten, entgangenem Gewinn und von Sch\u00e4den aus Anspr\u00fcchen Dritter gegen den Kunden sind ausgeschlossen.<\/li><li>Schadenersatzanspr\u00fcche gegen die Championships verj\u00e4hren binnen sechs Monaten ab Kenntnis von Schaden und Sch\u00e4diger.<\/li><\/ol><\/li><li><b><\/b><b>H\u00f6here Gewalt<\/b><ol><li>Die Championships ist im Falle h\u00f6herer Gewalt berechtigt, ganz oder teilweise von einem Vertrag zur\u00fcckzutreten oder die Lieferung f\u00fcr die Dauer des Zustands der h\u00f6heren Gewalt auszusetzen.<\/li><li>Als h\u00f6here Gewalt gelten jedenfalls, aber nicht ausschlie\u00dflich, Umst\u00e4nde wie etwa innere Unruhen, Krieg, Streik, Naturkatastrophen, Epidemien, Terrorismus, Witterungsbedingungen, Verkehrsbedingungen wie z.\u00a0B. Stra\u00dfensperrungen, Stra\u00dfenarbeiten oder Staus, Br\u00e4nde, beh\u00f6rdliche Ma\u00dfnahmen oder \u00e4hnliche Ereignisse, in deren Auswirkung auf die Vertragserf\u00fcllung von keiner Partei zu vertreten ist.<\/li><li>Sollte in einem Kaufvertrag ein voraussichtlicher Liefertermin festgelegt worden sein, wird sich die Championships bem\u00fchen, diesen Liefertermin einzuhalten.<\/li><\/ol><\/li><li><b><\/b><b>Datenschutz und Werbema\u00dfnahmen<\/b><ol><li>Im Falle eines Vertragsabschlusses erhebt und verarbeitet die Championships die ihr vom Kunden zur Verf\u00fcgung gestellten personenbezogenen Daten in ihrem System und nutzt diese f\u00fcr die Dauer der Vertragsabwicklung.<span class=\"Apple-converted-space\">\u00a0<\/span><\/li><li>F\u00fcr Zwecke der Werbung und der Marktforschung sowie zur bedarfsgerechten Gestaltung des Angebots erstellt und verwendet die Championships anonymisierte Nutzungsprofile.<span class=\"Apple-converted-space\">\u00a0<\/span><\/li><li>Der Kunde erkl\u00e4rt sich damit einverstanden, telefonisch, durch elektronische Daten\u00fcbertragung, insbesondere per e-mail, per Telefax, schriftlich oder pers\u00f6nlich \u00fcber aktuelle Angebote, Waren und Leistungen der Championships informiert zu werden.<\/li><\/ol><\/li><li><b><\/b><b>Regelungen zur Pr\u00e4vention von Geldw\u00e4sche und Terrorismusfinanzierung<\/b><ol><li>Der Kunde verpflichtet sich zur umfassenden Auskunftspflicht gegen\u00fcber der Championships, insbesondere zur Sicherstellung der Einhaltung der \u00a7\u00a7\u00a0365m bis 365z\u00a0GewO oder anderer einschl\u00e4giger gesetzlicher Bestimmungen. Der Kunde verpflichtet sich, der Championships allf\u00e4llige Dokumente, die unter Ber\u00fccksichtigung der einschl\u00e4gigen gesetzlichen Bestimmungen zu \u00fcberpr\u00fcfen sind, vorzulegen. Handelt es sich um nicht deutschsprachige Dokumente, so ist vom Kunden sicherzustellen, dass f\u00fcr Dritte die Dokumente und Eigentumsverh\u00e4ltnisse verst\u00e4ndlich nachvollziehbar sind. Der Kunde wird Championships \u00fcber erste Aufforderung entsprechende beglaubigte \u00dcbersetzungen in<span class=\"Apple-converted-space\">\u00a0 <\/span>deutscher Sprache zur Verf\u00fcgung stellen.<\/li><li>Der Kunde verpflichtet sich, im Fall der Verletzung seiner Auskunftspflicht die Championships f\u00fcr alle dieser daraus entstehenden Sch\u00e4den schad- und klaglos zu halten.<\/li><\/ol><\/li><li><b><\/b><b>Schlussbestimmungen, Allgemeines<\/b><ol><li>Zahlungs- und Erf\u00fcllungsort f\u00fcr s\u00e4mtliche Leistungen ist 7100\u00a0Neusiedl am See, \u00d6sterreich. Die Gesch\u00e4ftsbeziehung zwischen der Championships und dem Kunden unterliegt \u00f6sterreichischem Recht mit Ausnahme der Kollisionsnormen. Die Anwendbarkeit von UN-Kaufrecht wird ausgeschlossen.<\/li><li>F\u00fcr s\u00e4mtliche Streitigkeiten zwischen der Championships und dem Kunden ist das f\u00fcr 1030\u00a0Wien sachlich zust\u00e4ndige Gericht \u00f6rtlich zust\u00e4ndig. Die Championships beh\u00e4lt es sich jedoch vor, Klage gegen den Kunden auch bei dessen allgemeinen Gerichtsstand einzubringen.<\/li><li>Bei Kunden, die Verbraucher sind, gilt der angef\u00fchrte Gerichtsstand nur dann als vereinbart, wenn der Kunde in diesem Gerichtssprengel seinen Wohnsitz, gew\u00f6hnlichen Aufenthalt oder Ort der Besch\u00e4ftigung hat oder wenn der Kunde im Ausland wohnt.<\/li><li>Sollten einzelne Bestimmungen dieser AGB ganz oder teilweise unwirksam sein oder werden, wird dadurch die Wirksamkeit der \u00fcbrigen Bestimmungen nicht ber\u00fchrt. Die unwirksame Bestimmung ist durch eine wirksame zu ersetzen, die in ihrem wirtschaftlichen Gehalt der unwirksamen Bestimmung m\u00f6glichst nahe kommt. Dasselbe gilt auch f\u00fcr allf\u00e4llige L\u00fccken in diesen AGB.<\/li><\/ol><\/li><\/ol>\t\t\t\t\t\t\t\t<\/div>\n\t\t\t\t\t<\/div>\n\t\t<\/div>\n\t\t\t\t\t<\/div>\n\t\t<\/section>\n\t\t\t\t<\/div>\n\t\t","protected":false},"excerpt":{"rendered":"<p>AGBs der CHAMPIONSHIPS Yachting GmbH Fassung vom 1.03.2020 Geltungsbereich Diese Allgemeinen Gesch\u00e4ftsbedingungen (in Folge noch kurz \u201eAGB\u201c genannt) gelten f\u00fcr alle Vertr\u00e4ge, die die CHAMPIONSHIPS Yachting GmbH, FN\u00a0342752y, 1090 Wien, W\u00e4hringerstrasse 3\/10\u00a0 (in der Folge auch kurz \u201eChampionships\u201c genannt), mit ihren Kunden abschlie\u00dft. Diese AGB gelten unabh\u00e4ngig von der Art des Vertragsabschlusses und daher auch [&hellip;]<\/p>\n","protected":false},"author":1,"featured_media":0,"parent":0,"menu_order":0,"comment_status":"closed","ping_status":"closed","template":"elementor_header_footer","meta":{"footnotes":""},"class_list":["post-1510","page","type-page","status-publish","hentry"],"_links":{"self":[{"href":"https:\/\/lago26.com\/en\/wp-json\/wp\/v2\/pages\/1510","targetHints":{"allow":["GET"]}}],"collection":[{"href":"https:\/\/lago26.com\/en\/wp-json\/wp\/v2\/pages"}],"about":[{"href":"https:\/\/lago26.com\/en\/wp-json\/wp\/v2\/types\/page"}],"author":[{"embeddable":true,"href":"https:\/\/lago26.com\/en\/wp-json\/wp\/v2\/users\/1"}],"replies":[{"embeddable":true,"href":"https:\/\/lago26.com\/en\/wp-json\/wp\/v2\/comments?post=1510"}],"version-history":[{"count":6,"href":"https:\/\/lago26.com\/en\/wp-json\/wp\/v2\/pages\/1510\/revisions"}],"predecessor-version":[{"id":1553,"href":"https:\/\/lago26.com\/en\/wp-json\/wp\/v2\/pages\/1510\/revisions\/1553"}],"wp:attachment":[{"href":"https:\/\/lago26.com\/en\/wp-json\/wp\/v2\/media?parent=1510"}],"curies":[{"name":"wp","href":"https:\/\/api.w.org\/{rel}","templated":true}]}}