{"id":1514,"date":"2021-09-07T06:42:28","date_gmt":"2021-09-07T06:42:28","guid":{"rendered":"https:\/\/lago26.com\/?page_id=1514"},"modified":"2021-09-28T17:32:30","modified_gmt":"2021-09-28T17:32:30","slug":"impressum","status":"publish","type":"page","link":"https:\/\/lago26.com\/en\/impressum\/","title":{"rendered":"Imprint"},"content":{"rendered":"\t\t<div data-elementor-type=\"wp-page\" data-elementor-id=\"1514\" class=\"elementor elementor-1514\" data-elementor-post-type=\"page\">\n\t\t\t\t\t\t<section class=\"elementor-section elementor-top-section elementor-element elementor-element-49d0071 elementor-section-boxed elementor-section-height-default elementor-section-height-default\" data-id=\"49d0071\" data-element_type=\"section\" data-e-type=\"section\" data-settings=\"{&quot;jet_parallax_layout_list&quot;:[{&quot;jet_parallax_layout_image&quot;:{&quot;url&quot;:&quot;&quot;,&quot;id&quot;:&quot;&quot;,&quot;size&quot;:&quot;&quot;},&quot;_id&quot;:&quot;67e8ef6&quot;,&quot;jet_parallax_layout_image_tablet&quot;:{&quot;url&quot;:&quot;&quot;,&quot;id&quot;:&quot;&quot;,&quot;size&quot;:&quot;&quot;},&quot;jet_parallax_layout_image_mobile&quot;:{&quot;url&quot;:&quot;&quot;,&quot;id&quot;:&quot;&quot;,&quot;size&quot;:&quot;&quot;},&quot;jet_parallax_layout_speed&quot;:{&quot;unit&quot;:&quot;%&quot;,&quot;size&quot;:50,&quot;sizes&quot;:[]},&quot;jet_parallax_layout_type&quot;:&quot;scroll&quot;,&quot;jet_parallax_layout_direction&quot;:&quot;1&quot;,&quot;jet_parallax_layout_fx_direction&quot;:null,&quot;jet_parallax_layout_z_index&quot;:&quot;&quot;,&quot;jet_parallax_layout_bg_x&quot;:50,&quot;jet_parallax_layout_bg_x_tablet&quot;:&quot;&quot;,&quot;jet_parallax_layout_bg_x_mobile&quot;:&quot;&quot;,&quot;jet_parallax_layout_bg_y&quot;:50,&quot;jet_parallax_layout_bg_y_tablet&quot;:&quot;&quot;,&quot;jet_parallax_layout_bg_y_mobile&quot;:&quot;&quot;,&quot;jet_parallax_layout_bg_size&quot;:&quot;auto&quot;,&quot;jet_parallax_layout_bg_size_tablet&quot;:&quot;&quot;,&quot;jet_parallax_layout_bg_size_mobile&quot;:&quot;&quot;,&quot;jet_parallax_layout_animation_prop&quot;:&quot;transform&quot;,&quot;jet_parallax_layout_on&quot;:[&quot;desktop&quot;,&quot;tablet&quot;]}]}\">\n\t\t\t\t\t\t<div class=\"elementor-container elementor-column-gap-default\">\n\t\t\t\t\t<div class=\"elementor-column elementor-col-100 elementor-top-column elementor-element elementor-element-a18bb0d\" data-id=\"a18bb0d\" data-element_type=\"column\" data-e-type=\"column\">\n\t\t\t<div class=\"elementor-widget-wrap elementor-element-populated\">\n\t\t\t\t\t\t<div class=\"elementor-element elementor-element-afd2444 elementor-widget elementor-widget-heading\" data-id=\"afd2444\" data-element_type=\"widget\" data-e-type=\"widget\" data-widget_type=\"heading.default\">\n\t\t\t\t\t<h2 class=\"elementor-heading-title elementor-size-default\">Impressum<\/h2>\t\t\t\t<\/div>\n\t\t\t\t<div class=\"elementor-element elementor-element-0e202c6 elementor-widget elementor-widget-text-editor\" data-id=\"0e202c6\" data-element_type=\"widget\" data-e-type=\"widget\" data-widget_type=\"text-editor.default\">\n\t\t\t\t\t\t\t\t\t<p><strong>INHABER:<\/strong><\/p><p><strong>CHAMPIONSHIPS Yachting GmbH<\/strong><br \/>W\u00e4hringerstrasse 3\/10<br \/>1090 Wien<\/p><p><strong>Gesch\u00e4ftsf\u00fchrer<\/strong><br \/>Mag. Spitzauer Johann<\/p><p><strong>Firmenbuchnummer:<\/strong><br \/>FN 342752 y<\/p><p><strong>UID-Nummer:<\/strong><br \/>ATU65575200<\/p><p><strong>Telefon<\/strong><br \/>+43 664 546 87 69<\/p><p><strong>Email<\/strong><br \/>office@championships.at<\/p><p><b>COPYRIGHTS | TEXTE<\/b><\/p><p>F\u00fcr alle Angaben auf dieser Website besteht Urheberrechtsschutz und Haftungsausschluss<span class=\"Apple-converted-space\">\u00a0<\/span><\/p><p><strong>DESIGN:<\/strong><\/p><p>Webdesign:<br \/>Harald Palma \/ <a href=\"https:\/\/palmadesign.at\" target=\"_blank\" rel=\"noopener\">Palmadesign.at<\/a><\/p><p><strong>Homepage Konzeption und Marketing:<\/strong><br \/><a href=\"https:\/\/www.neverbeenbefore.com\" target=\"_blank\" rel=\"noopener\">NEVER BEEN BEFORE e. U.<span class=\"Apple-converted-space\">\u00a0<\/span><\/a><\/p><p><strong>RECHTLICHES:<\/strong><\/p><p><strong>CHAMPIONSHIPS Yachting GmbH\u00a0<\/strong>betreibt diese Website rein zu Eigenwerbungszwecken und zur Verbesserung des \u00f6ffentlichen Zugangs zu Informationen \u00fcber Aufgabenbereiche, Angebote.<\/p><p><strong>CHAMPIONSHIPS Yachting GmbH<\/strong> \u00fcbernimmt f\u00fcr die Inhalte der Informationen auf dieser oder anderen Websites keine Haftung. Trotz unserer Bem\u00fchungen kann keine Gew\u00e4hr f\u00fcr die Aktualit\u00e4t und Richtigkeit dieser Informationen \u00fcbernommen werden. Soweit Fehler und Irrt\u00fcmer bekannt werden, werden diese so schnell wie m\u00f6glich korrigiert.<\/p><p>Vervielf\u00e4ltigungen (auch auf elektronische Weise) dieses Internet-Angebotes oder von Teilen desselben und deren Weitergabe sind gestattet, soweit f\u00fcr die Vervielf\u00e4ltigung selbst bzw. f\u00fcr die Weitergabe kein Entgelt oder keine sonstige Gegenleistung verlangt wird. Die Zurverf\u00fcgungstellung von Inhalten der Website auf anderen Websites ist nicht gestattet. Wir weisen daraufhin das bei Verletzung der Urheberrechte, sowie Rechten Dritter eine gerichtliche Verfolgung nicht ausgeschlossen werden kann.<\/p><p>Gerichtsstand ist Wien.<\/p>\t\t\t\t\t\t\t\t<\/div>\n\t\t\t\t\t<\/div>\n\t\t<\/div>\n\t\t\t\t\t<\/div>\n\t\t<\/section>\n\t\t\t\t<\/div>\n\t\t","protected":false},"excerpt":{"rendered":"<p>Impressum INHABER: CHAMPIONSHIPS Yachting GmbHW\u00e4hringerstrasse 3\/101090 Wien Gesch\u00e4ftsf\u00fchrerMag. Spitzauer Johann Firmenbuchnummer:FN 342752 y UID-Nummer:ATU65575200 Telefon+43 664 546 87 69 Emailoffice@championships.at COPYRIGHTS | TEXTE F\u00fcr alle Angaben auf dieser Website besteht Urheberrechtsschutz und Haftungsausschluss\u00a0 DESIGN: Webdesign:Harald Palma \/ Palmadesign.at Homepage Konzeption und Marketing:NEVER BEEN BEFORE e. U.\u00a0 RECHTLICHES: CHAMPIONSHIPS Yachting GmbH\u00a0betreibt diese Website rein zu Eigenwerbungszwecken [&hellip;]<\/p>\n","protected":false},"author":1,"featured_media":0,"parent":0,"menu_order":0,"comment_status":"closed","ping_status":"closed","template":"elementor_header_footer","meta":{"footnotes":""},"class_list":["post-1514","page","type-page","status-publish","hentry"],"_links":{"self":[{"href":"https:\/\/lago26.com\/en\/wp-json\/wp\/v2\/pages\/1514","targetHints":{"allow":["GET"]}}],"collection":[{"href":"https:\/\/lago26.com\/en\/wp-json\/wp\/v2\/pages"}],"about":[{"href":"https:\/\/lago26.com\/en\/wp-json\/wp\/v2\/types\/page"}],"author":[{"embeddable":true,"href":"https:\/\/lago26.com\/en\/wp-json\/wp\/v2\/users\/1"}],"replies":[{"embeddable":true,"href":"https:\/\/lago26.com\/en\/wp-json\/wp\/v2\/comments?post=1514"}],"version-history":[{"count":15,"href":"https:\/\/lago26.com\/en\/wp-json\/wp\/v2\/pages\/1514\/revisions"}],"predecessor-version":[{"id":1561,"href":"https:\/\/lago26.com\/en\/wp-json\/wp\/v2\/pages\/1514\/revisions\/1561"}],"wp:attachment":[{"href":"https:\/\/lago26.com\/en\/wp-json\/wp\/v2\/media?parent=1514"}],"curies":[{"name":"wp","href":"https:\/\/api.w.org\/{rel}","templated":true}]}}