{"id":890,"date":"2021-07-18T15:59:42","date_gmt":"2021-07-18T15:59:42","guid":{"rendered":"https:\/\/lago26.com\/?page_id=890"},"modified":"2026-01-16T17:50:43","modified_gmt":"2026-01-16T17:50:43","slug":"preise","status":"publish","type":"page","link":"https:\/\/lago26.com\/en\/preise\/","title":{"rendered":"Prices"},"content":{"rendered":"\t\t<div data-elementor-type=\"wp-page\" data-elementor-id=\"890\" class=\"elementor elementor-890\" data-elementor-post-type=\"page\">\n\t\t\t\t\t\t<section class=\"elementor-section elementor-top-section elementor-element elementor-element-18d92232 elementor-section-height-min-height elementor-section-full_width elementor-section-content-middle elementor-section-height-default elementor-section-items-middle\" data-id=\"18d92232\" data-element_type=\"section\" data-e-type=\"section\" data-settings=\"{&quot;jet_parallax_layout_list&quot;:[{&quot;jet_parallax_layout_image&quot;:{&quot;url&quot;:&quot;&quot;,&quot;id&quot;:&quot;&quot;,&quot;size&quot;:&quot;&quot;,&quot;alt&quot;:&quot;&quot;,&quot;source&quot;:&quot;library&quot;},&quot;_id&quot;:&quot;9c7a488&quot;,&quot;jet_parallax_layout_speed&quot;:{&quot;unit&quot;:&quot;%&quot;,&quot;size&quot;:13,&quot;sizes&quot;:[]},&quot;jet_parallax_layout_type&quot;:&quot;zoom&quot;,&quot;jet_parallax_layout_bg_x&quot;:0,&quot;jet_parallax_layout_bg_y&quot;:0,&quot;jet_parallax_layout_bg_size&quot;:&quot;cover&quot;,&quot;jet_parallax_layout_image_tablet&quot;:{&quot;url&quot;:&quot;&quot;,&quot;id&quot;:&quot;&quot;,&quot;size&quot;:&quot;&quot;},&quot;jet_parallax_layout_image_mobile&quot;:{&quot;url&quot;:&quot;&quot;,&quot;id&quot;:&quot;&quot;,&quot;size&quot;:&quot;&quot;},&quot;jet_parallax_layout_direction&quot;:null,&quot;jet_parallax_layout_fx_direction&quot;:null,&quot;jet_parallax_layout_z_index&quot;:&quot;&quot;,&quot;jet_parallax_layout_bg_x_tablet&quot;:&quot;&quot;,&quot;jet_parallax_layout_bg_x_mobile&quot;:&quot;&quot;,&quot;jet_parallax_layout_bg_y_tablet&quot;:&quot;&quot;,&quot;jet_parallax_layout_bg_y_mobile&quot;:&quot;&quot;,&quot;jet_parallax_layout_bg_size_tablet&quot;:&quot;&quot;,&quot;jet_parallax_layout_bg_size_mobile&quot;:&quot;&quot;,&quot;jet_parallax_layout_animation_prop&quot;:null,&quot;jet_parallax_layout_on&quot;:[&quot;desktop&quot;,&quot;tablet&quot;]}],&quot;background_background&quot;:&quot;video&quot;,&quot;background_video_link&quot;:&quot;https:\\\/\\\/youtu.be\\\/0gu292zlAHA&quot;,&quot;background_video_start&quot;:15,&quot;background_video_end&quot;:60}\">\n\t\t\t\t\t\t\t\t<div class=\"elementor-background-video-container elementor-hidden-mobile\">\n\t\t\t\t\t\t\t\t\t\t\t\t\t<div class=\"elementor-background-video-embed\" role=\"presentation\"><\/div>\n\t\t\t\t\t\t\t\t\t\t\t\t<\/div>\n\t\t\t\t\t\t\t\t<div class=\"elementor-container elementor-column-gap-default\">\n\t\t\t\t\t<div class=\"elementor-column elementor-col-100 elementor-top-column elementor-element elementor-element-6e76ccaf\" data-id=\"6e76ccaf\" data-element_type=\"column\" data-e-type=\"column\" data-settings=\"{&quot;background_background&quot;:&quot;classic&quot;}\">\n\t\t\t<div class=\"elementor-widget-wrap\">\n\t\t\t\t\t\t\t<\/div>\n\t\t<\/div>\n\t\t\t\t\t<\/div>\n\t\t<\/section>\n\t\t\t\t<section class=\"elementor-section elementor-top-section elementor-element elementor-element-3772b93 elementor-section-boxed elementor-section-height-default elementor-section-height-default\" data-id=\"3772b93\" data-element_type=\"section\" data-e-type=\"section\" data-settings=\"{&quot;jet_parallax_layout_list&quot;:[{&quot;jet_parallax_layout_image&quot;:{&quot;url&quot;:&quot;&quot;,&quot;id&quot;:&quot;&quot;,&quot;size&quot;:&quot;&quot;},&quot;_id&quot;:&quot;b08377c&quot;,&quot;jet_parallax_layout_image_tablet&quot;:{&quot;url&quot;:&quot;&quot;,&quot;id&quot;:&quot;&quot;,&quot;size&quot;:&quot;&quot;},&quot;jet_parallax_layout_image_mobile&quot;:{&quot;url&quot;:&quot;&quot;,&quot;id&quot;:&quot;&quot;,&quot;size&quot;:&quot;&quot;},&quot;jet_parallax_layout_speed&quot;:{&quot;unit&quot;:&quot;%&quot;,&quot;size&quot;:50,&quot;sizes&quot;:[]},&quot;jet_parallax_layout_type&quot;:&quot;scroll&quot;,&quot;jet_parallax_layout_direction&quot;:&quot;1&quot;,&quot;jet_parallax_layout_fx_direction&quot;:null,&quot;jet_parallax_layout_z_index&quot;:&quot;&quot;,&quot;jet_parallax_layout_bg_x&quot;:50,&quot;jet_parallax_layout_bg_x_tablet&quot;:&quot;&quot;,&quot;jet_parallax_layout_bg_x_mobile&quot;:&quot;&quot;,&quot;jet_parallax_layout_bg_y&quot;:50,&quot;jet_parallax_layout_bg_y_tablet&quot;:&quot;&quot;,&quot;jet_parallax_layout_bg_y_mobile&quot;:&quot;&quot;,&quot;jet_parallax_layout_bg_size&quot;:&quot;auto&quot;,&quot;jet_parallax_layout_bg_size_tablet&quot;:&quot;&quot;,&quot;jet_parallax_layout_bg_size_mobile&quot;:&quot;&quot;,&quot;jet_parallax_layout_animation_prop&quot;:&quot;transform&quot;,&quot;jet_parallax_layout_on&quot;:[&quot;desktop&quot;,&quot;tablet&quot;]}]}\">\n\t\t\t\t\t\t<div class=\"elementor-container elementor-column-gap-default\">\n\t\t\t\t\t<div class=\"elementor-column elementor-col-100 elementor-top-column elementor-element elementor-element-6992ed7f\" data-id=\"6992ed7f\" data-element_type=\"column\" data-e-type=\"column\">\n\t\t\t<div class=\"elementor-widget-wrap elementor-element-populated\">\n\t\t\t\t\t\t<div class=\"elementor-element elementor-element-45b72f51 animated-slow elementor-widget elementor-widget-heading\" data-id=\"45b72f51\" data-element_type=\"widget\" data-e-type=\"widget\" data-settings=\"{&quot;_animation&quot;:&quot;none&quot;}\" data-widget_type=\"heading.default\">\n\t\t\t\t\t<h2 class=\"elementor-heading-title elementor-size-default\">Preise<\/h2>\t\t\t\t<\/div>\n\t\t\t\t<div class=\"elementor-element elementor-element-68ab17cf elementor-widget elementor-widget-text-editor\" data-id=\"68ab17cf\" data-element_type=\"widget\" data-e-type=\"widget\" data-settings=\"{&quot;_animation&quot;:&quot;none&quot;}\" data-widget_type=\"text-editor.default\">\n\t\t\t\t\t\t\t\t\t<p>Die LAGO 26 kann als Keel oder Sword Version geordert werden. Wir machen dabei keinen preislichen Unterschied und bauen die LAGO 26 in drei verschiedenen Ausstattungen, um ihr Segelerlebnis noch individueller zu gestalten. Die meisten Features sind auch einzeln verf\u00fcgbar.<\/p><p>Die Segel f\u00fcr die LAGO 26 haben wir mit North Sails entwickelt und je nach Einsatz ausgew\u00e4hlt,<span class=\"Apple-converted-space\">\u00a0<\/span>somit k\u00f6nnen wir die besten Produkte und Technologien direkt vom Marktf\u00fchrer anbieten. F\u00fcr die Segel legen wir immer ein individuelles Angebot.<\/p><p><strong>LAGO 26 Keel\/sword<\/strong> ab: 88.380\u20ac netto<\/p><p><strong>LAGO 26Speedster<\/strong> ab:93.106\u20ac<\/p><p><strong>LAGO 26 Speedster<\/strong> RS ab: Basis 79.329<\/p><p>Foil auf Anfrage<\/p>\t\t\t\t\t\t\t\t<\/div>\n\t\t\t\t<div class=\"elementor-element elementor-element-f5ce953 animated-slow elementor-widget elementor-widget-heading\" data-id=\"f5ce953\" data-element_type=\"widget\" data-e-type=\"widget\" data-settings=\"{&quot;_animation&quot;:&quot;none&quot;}\" data-widget_type=\"heading.default\">\n\t\t\t\t\t<h2 class=\"elementor-heading-title elementor-size-default\">BASIC AUSTATTUNG f\u00fcr die Lago 26 Kiel \/ Sword<\/h2>\t\t\t\t<\/div>\n\t\t\t\t<div class=\"elementor-element elementor-element-f6ece82 elementor-widget elementor-widget-text-editor\" data-id=\"f6ece82\" data-element_type=\"widget\" data-e-type=\"widget\" data-settings=\"{&quot;_animation&quot;:&quot;none&quot;}\" data-widget_type=\"text-editor.default\">\n\t\t\t\t\t\t\t\t\t<p>Hubkiel (180kg, Lago 26 Kiel) \/Sword (Lago 26 Sword, Schwertversion Ballastschwert mit 150 kg); GFK-Sandwichkonstruktion mit geschlossenem PET- Schaum, s\u00e4mtliche Schoten und Fallen unter Deck gef\u00fchrt, Bartels Rollfockanlage unter Deck, Ruderblatt; Pinne Mahagoni\/Esche; Carbon Ausleger; Holt Marine Racing Beschl\u00e4ge; 1 Trapez; Hubkiel Kran mit Winsch (Lago 26 Kiel); P\u00fcttingeisen; Mastfuss; Wanntenspanner und Rigging;<span class=\"Apple-converted-space\">\u00a0 <\/span>Carbon Mast, Gro\u00dfbaum und Gennakerrohr<span class=\"Apple-converted-space\">\u00a0 <\/span>Fussleisten, H\u00e4ngegurten; Kaj\u00fctfenster; Decksbelag, Windex Holt Marine Racing<\/p><p>Die LAGO26 Foil wird auf Anfrage gebaut, Preise daher nur auf Anfrage.<\/p>\t\t\t\t\t\t\t\t<\/div>\n\t\t\t\t<div class=\"elementor-element elementor-element-e214853 elementor-align-center elementor-widget__width-initial elementor-widget elementor-widget-button\" data-id=\"e214853\" data-element_type=\"widget\" data-e-type=\"widget\" data-widget_type=\"button.default\">\n\t\t\t\t\t\t\t\t\t\t<a class=\"elementor-button elementor-button-link elementor-size-sm\" href=\"mailto:office@championships.at\">\n\t\t\t\t\t\t<span class=\"elementor-button-content-wrapper\">\n\t\t\t\t\t\t\t\t\t<span class=\"elementor-button-text\">individuelles Preisangebot einholen<\/span>\n\t\t\t\t\t<\/span>\n\t\t\t\t\t<\/a>\n\t\t\t\t\t\t\t\t<\/div>\n\t\t\t\t\t<\/div>\n\t\t<\/div>\n\t\t\t\t\t<\/div>\n\t\t<\/section>\n\t\t\t\t<\/div>\n\t\t","protected":false},"excerpt":{"rendered":"<p>Preise Die LAGO 26 kann als Keel oder Sword Version geordert werden. Wir machen dabei keinen preislichen Unterschied und bauen die LAGO 26 in drei verschiedenen Ausstattungen, um ihr Segelerlebnis noch individueller zu gestalten. Die meisten Features sind auch einzeln verf\u00fcgbar. Die Segel f\u00fcr die LAGO 26 haben wir mit North Sails entwickelt und je [&hellip;]<\/p>\n","protected":false},"author":1,"featured_media":0,"parent":0,"menu_order":0,"comment_status":"closed","ping_status":"closed","template":"elementor_header_footer","meta":{"footnotes":""},"class_list":["post-890","page","type-page","status-publish","hentry"],"_links":{"self":[{"href":"https:\/\/lago26.com\/en\/wp-json\/wp\/v2\/pages\/890","targetHints":{"allow":["GET"]}}],"collection":[{"href":"https:\/\/lago26.com\/en\/wp-json\/wp\/v2\/pages"}],"about":[{"href":"https:\/\/lago26.com\/en\/wp-json\/wp\/v2\/types\/page"}],"author":[{"embeddable":true,"href":"https:\/\/lago26.com\/en\/wp-json\/wp\/v2\/users\/1"}],"replies":[{"embeddable":true,"href":"https:\/\/lago26.com\/en\/wp-json\/wp\/v2\/comments?post=890"}],"version-history":[{"count":118,"href":"https:\/\/lago26.com\/en\/wp-json\/wp\/v2\/pages\/890\/revisions"}],"predecessor-version":[{"id":2681,"href":"https:\/\/lago26.com\/en\/wp-json\/wp\/v2\/pages\/890\/revisions\/2681"}],"wp:attachment":[{"href":"https:\/\/lago26.com\/en\/wp-json\/wp\/v2\/media?parent=890"}],"curies":[{"name":"wp","href":"https:\/\/api.w.org\/{rel}","templated":true}]}}